{"id":1277,"date":"2019-10-04T11:21:40","date_gmt":"2019-10-04T11:21:40","guid":{"rendered":"http:\/\/www.grupo-campos.org\/?page_id=1277"},"modified":"2019-10-04T11:43:07","modified_gmt":"2019-10-04T11:43:07","slug":"xvi","status":"publish","type":"page","link":"https:\/\/grupo-campos.org\/wp\/xvi\/","title":{"rendered":"XVI"},"content":{"rendered":"\t\t<div data-elementor-type=\"wp-page\" data-elementor-id=\"1277\" class=\"elementor elementor-1277\">\n\t\t\t\t\t\t<section class=\"elementor-section elementor-top-section elementor-element elementor-element-ff6aad4 elementor-section-boxed elementor-section-height-default elementor-section-height-default\" data-id=\"ff6aad4\" data-element_type=\"section\">\n\t\t\t\t\t\t<div class=\"elementor-container elementor-column-gap-default\">\n\t\t\t\t\t<div class=\"elementor-column elementor-col-100 elementor-top-column elementor-element elementor-element-4375c3e\" data-id=\"4375c3e\" data-element_type=\"column\">\n\t\t\t<div class=\"elementor-widget-wrap elementor-element-populated\">\n\t\t\t\t\t\t\t<\/div>\n\t\t<\/div>\n\t\t\t\t\t<\/div>\n\t\t<\/section>\n\t\t\t\t<section class=\"elementor-section elementor-top-section elementor-element elementor-element-50866e9 elementor-section-boxed elementor-section-height-default elementor-section-height-default\" data-id=\"50866e9\" data-element_type=\"section\">\n\t\t\t\t\t\t<div class=\"elementor-container elementor-column-gap-default\">\n\t\t\t\t\t<div class=\"elementor-column elementor-col-100 elementor-top-column elementor-element elementor-element-a166361\" data-id=\"a166361\" data-element_type=\"column\">\n\t\t\t<div class=\"elementor-widget-wrap elementor-element-populated\">\n\t\t\t\t\t\t<div class=\"elementor-element elementor-element-873a97e elementor-widget elementor-widget-heading\" data-id=\"873a97e\" data-element_type=\"widget\" data-widget_type=\"heading.default\">\n\t\t\t\t<div class=\"elementor-widget-container\">\n\t\t\t\t\t<h2 class=\"elementor-heading-title elementor-size-default\">XVI Reuni\u00f3n<\/h2>\t\t\t\t<\/div>\n\t\t\t\t<\/div>\n\t\t\t\t\t<\/div>\n\t\t<\/div>\n\t\t\t\t\t<\/div>\n\t\t<\/section>\n\t\t\t\t<section class=\"elementor-section elementor-top-section elementor-element elementor-element-4adf67c elementor-section-boxed elementor-section-height-default elementor-section-height-default\" data-id=\"4adf67c\" data-element_type=\"section\">\n\t\t\t\t\t\t<div class=\"elementor-container elementor-column-gap-default\">\n\t\t\t\t\t<div class=\"elementor-column elementor-col-50 elementor-top-column elementor-element elementor-element-7d0a0a0\" data-id=\"7d0a0a0\" data-element_type=\"column\">\n\t\t\t<div class=\"elementor-widget-wrap elementor-element-populated\">\n\t\t\t\t\t\t<div class=\"elementor-element elementor-element-455c542 elementor-widget elementor-widget-toggle\" data-id=\"455c542\" data-element_type=\"widget\" data-widget_type=\"toggle.default\">\n\t\t\t\t<div class=\"elementor-widget-container\">\n\t\t\t\t\t\t\t<div class=\"elementor-toggle\">\n\t\t\t\t\t\t\t<div class=\"elementor-toggle-item\">\n\t\t\t\t\t<div id=\"elementor-tab-title-7271\" class=\"elementor-tab-title\" data-tab=\"1\" role=\"button\" aria-controls=\"elementor-tab-content-7271\" aria-expanded=\"false\">\n\t\t\t\t\t\t\t\t\t\t\t\t<span class=\"elementor-toggle-icon elementor-toggle-icon-left\" aria-hidden=\"true\">\n\t\t\t\t\t\t\t\t\t\t\t\t\t\t\t<span class=\"elementor-toggle-icon-closed\"><i class=\"fas fa-caret-right\"><\/i><\/span>\n\t\t\t\t\t\t\t\t<span class=\"elementor-toggle-icon-opened\"><i class=\"elementor-toggle-icon-opened fas fa-caret-up\"><\/i><\/span>\n\t\t\t\t\t\t\t\t\t\t\t\t\t<\/span>\n\t\t\t\t\t\t\t\t\t\t\t\t<a class=\"elementor-toggle-title\" tabindex=\"0\">Introducci\u00f3n<\/a>\n\t\t\t\t\t<\/div>\n\n\t\t\t\t\t<div id=\"elementor-tab-content-7271\" class=\"elementor-tab-content elementor-clearfix\" data-tab=\"1\" role=\"region\" aria-labelledby=\"elementor-tab-title-7271\"><p>APRESENTA\u00c7\u00c3O<\/p><p>\u00a0\u00a0 A publica\u00e7\u00e3o do Relat\u00f3rio da XVI Reuni\u00e3o do Grupo T\u00e9cnico Regional do Cone Sul (Zona Campos) em Melhoramento e Utiliza\u00e7\u00e3o de Recursos Forra\u00acgeiros das \u00c1reas Tropical e Subtropical, a qual foi realizada em abril de 1996 em Porto Alegre (RS), Brasil, encerra exitosamente as atividades do Grupo, na Zona Campos, em 1998. De fato, neste ano, de forma extraordin\u00e1ria, conseguimos publicar dois Relat\u00f3rios de reuni\u00f5es realizadas previamente em 1991 e 1994, em Bag\u00e9 (RS), Brasil e Salto, no Uruguay, respectivamente. Al\u00e9m destes dois, tive\u00acmos tamb\u00e9m a publica\u00e7\u00e3o do Relat\u00f3rio da XVII Reuni\u00e3o, recentemente realizada na cidade de Lages (SC), Brasil. Com isso, totalizamos quatro Relat\u00f3rio publica\u00acdos em 1998, o que constitui-se em um importante marco na vida e na hist\u00f3ria do Grupo.<br \/>A XVI Reuni\u00e3o apresentou um car\u00e1ter diferenciado em rela\u00e7\u00e3o \u00e0s de\u00acmais, pois ela foi como que uma reuni\u00e3o de despedida, pois o Dr. Fernando Riveros, criador e principal emulador da integra\u00e7\u00e3o regional, dela participava pela \u00faltima vez, como Oficial T\u00e9cnico da FAO , tendo em vista o seu afastamento desta insti\u00actui\u00e7\u00e3o internacional ao final de 1996. Em sinal de reconhecimento por seus esfor\u00ac\u00e7os constantes e dedica\u00e7\u00e3o irrestrita durante mais de duas d\u00e9cadas, o Grupo pres\u00actou ao Dr. Riveros uma comovedora homenagem oferecendo-lhe uma Placa de Prata, como uma recorda\u00e7\u00e3o simples mas sincera daqueles que com ele tiveram o privil\u00e9gio de conviver por um longo tempo. Em seu agradecimento, o Dr. F. Riveros revelou que seria substitu\u00eddo em suas fun\u00e7\u00f5es junto ao Grupo pela Dra. Caterina Batello, a qual daria continuidade as atividades do Grupo e que ela dentro em breve, visitaria a Zona Campos.<br \/>Por outro lado, o ano de 1996 trouxe-nos tamb\u00e9m o pesar e a dor provocados pelo repentino falecimento do colega argentino, Dr. Arturo Mazzanti, o qual havia participado da XVI Reuni\u00e3o como um dos palestrantes convidados. Pesquisador e t\u00e9cnico de elevado n\u00edvel, durante os poucos dias da Reuni\u00e3o, con\u00acquistou a simpatia dos participantes por seu esp\u00edrito alegre , largo sorriso , di\u00e1lo\u00acgo inteligente e f\u00e1cil. Arturo faleceu em junho, no Canad\u00e1, onde se encontrava como um dos participantes do XVIII Congresso Internacional de Pastagens. Em sua mem\u00f3ria, dedicamos a publica\u00e7\u00e3o deste Relat\u00f3rio.<br \/>Para concluir, desejamos agradecer a todas as institui\u00e7\u00f5es e pessoas que de alguma maneira contribu\u00edram para a realiza\u00e7\u00e3o da XVI Reuni\u00e3o ou para a publica\u00e7\u00e3o deste Relat\u00f3rio, especialmente a FAO\/Grassland and Forage Crops Group, nas pessoas do Dr. Fernando Riveros e da Dra. Caterina Batello.<br \/>Porto Alegre, Dezembro de 1998.<br \/>Jo\u00e3o C. de Saibro.<br \/>Secret\u00e1rio, Grupo Campos<\/p><\/div>\n\t\t\t\t<\/div>\n\t\t\t\t\t\t\t<div class=\"elementor-toggle-item\">\n\t\t\t\t\t<div id=\"elementor-tab-title-7272\" class=\"elementor-tab-title\" data-tab=\"2\" role=\"button\" aria-controls=\"elementor-tab-content-7272\" aria-expanded=\"false\">\n\t\t\t\t\t\t\t\t\t\t\t\t<span class=\"elementor-toggle-icon elementor-toggle-icon-left\" aria-hidden=\"true\">\n\t\t\t\t\t\t\t\t\t\t\t\t\t\t\t<span class=\"elementor-toggle-icon-closed\"><i class=\"fas fa-caret-right\"><\/i><\/span>\n\t\t\t\t\t\t\t\t<span class=\"elementor-toggle-icon-opened\"><i class=\"elementor-toggle-icon-opened fas fa-caret-up\"><\/i><\/span>\n\t\t\t\t\t\t\t\t\t\t\t\t\t<\/span>\n\t\t\t\t\t\t\t\t\t\t\t\t<a class=\"elementor-toggle-title\" tabindex=\"0\">Conferencias<\/a>\n\t\t\t\t\t<\/div>\n\n\t\t\t\t\t<div id=\"elementor-tab-content-7272\" class=\"elementor-tab-content elementor-clearfix\" data-tab=\"2\" role=\"region\" aria-labelledby=\"elementor-tab-title-7272\"><ul><li><a href=\"http:\/\/grupo-campos.org\/xvi-conferencia1\" target=\"_blank\" rel=\"noopener\">Palestra: Aspectos ecofisiol\u00f3gicos do manejo de pastagens e utiliza\u00e7\u00e3o de modelos como<br \/>ferramenta de diagn\u00f3stico e indica\u00e7\u00e3o de necessidades de Pesquisa.<br \/>Prof. Carlos Nabinger <\/a><\/li><\/ul><\/div>\n\t\t\t\t<\/div>\n\t\t\t\t\t\t\t<div class=\"elementor-toggle-item\">\n\t\t\t\t\t<div id=\"elementor-tab-title-7273\" class=\"elementor-tab-title\" data-tab=\"3\" role=\"button\" aria-controls=\"elementor-tab-content-7273\" aria-expanded=\"false\">\n\t\t\t\t\t\t\t\t\t\t\t\t<span class=\"elementor-toggle-icon elementor-toggle-icon-left\" aria-hidden=\"true\">\n\t\t\t\t\t\t\t\t\t\t\t\t\t\t\t<span class=\"elementor-toggle-icon-closed\"><i class=\"fas fa-caret-right\"><\/i><\/span>\n\t\t\t\t\t\t\t\t<span class=\"elementor-toggle-icon-opened\"><i class=\"elementor-toggle-icon-opened fas fa-caret-up\"><\/i><\/span>\n\t\t\t\t\t\t\t\t\t\t\t\t\t<\/span>\n\t\t\t\t\t\t\t\t\t\t\t\t<a class=\"elementor-toggle-title\" tabindex=\"0\">Documentos<\/a>\n\t\t\t\t\t<\/div>\n\n\t\t\t\t\t<div id=\"elementor-tab-content-7273\" class=\"elementor-tab-content elementor-clearfix\" data-tab=\"3\" role=\"region\" aria-labelledby=\"elementor-tab-title-7273\"><ul><li><a href=\"http:\/\/grupo-campos.org\/xvi-resumen\" target=\"_blank\" rel=\"noopener\">Resumen<\/a><\/li><li><a href=\"http:\/\/www.grupo-campos.org\/xvi-proceedings\/\" target=\"_blank\" rel=\"noopener\">Proceedings<\/a><\/li><\/ul><\/div>\n\t\t\t\t<\/div>\n\t\t\t\t\t\t\t<div class=\"elementor-toggle-item\">\n\t\t\t\t\t<div id=\"elementor-tab-title-7274\" class=\"elementor-tab-title\" data-tab=\"4\" role=\"button\" aria-controls=\"elementor-tab-content-7274\" aria-expanded=\"false\">\n\t\t\t\t\t\t\t\t\t\t\t\t<span class=\"elementor-toggle-icon elementor-toggle-icon-left\" aria-hidden=\"true\">\n\t\t\t\t\t\t\t\t\t\t\t\t\t\t\t<span class=\"elementor-toggle-icon-closed\"><i class=\"fas fa-caret-right\"><\/i><\/span>\n\t\t\t\t\t\t\t\t<span class=\"elementor-toggle-icon-opened\"><i class=\"elementor-toggle-icon-opened fas fa-caret-up\"><\/i><\/span>\n\t\t\t\t\t\t\t\t\t\t\t\t\t<\/span>\n\t\t\t\t\t\t\t\t\t\t\t\t<a class=\"elementor-toggle-title\" tabindex=\"0\">HOMENAGEM AO DR. FERNANDO RIVEROS - FAO<\/a>\n\t\t\t\t\t<\/div>\n\n\t\t\t\t\t<div id=\"elementor-tab-content-7274\" class=\"elementor-tab-content elementor-clearfix\" data-tab=\"4\" role=\"region\" aria-labelledby=\"elementor-tab-title-7274\"><p><img fetchpriority=\"high\" decoding=\"async\" class=\"size-medium wp-image-1274 alignleft\" src=\"http:\/\/www.grupo-campos.org\/wp-content\/uploads\/2019\/10\/imgXVI-300x210.jpg\" alt=\"\" width=\"300\" height=\"210\" srcset=\"https:\/\/grupo-campos.org\/wp\/wp-content\/uploads\/2019\/10\/imgXVI-300x210.jpg 300w, https:\/\/grupo-campos.org\/wp\/wp-content\/uploads\/2019\/10\/imgXVI.jpg 640w\" sizes=\"(max-width: 300px) 100vw, 300px\" \/><\/p><p>Aspecto da mesa de Abertura da Reuni\u00e3o. Da esquerda para a direita: Prof. Nilton R. Paim, Diretor da Faculdade de Agronomia da UFRGS; Eng.\u00b0 Agr.\u00b0 Miguel Bresolin, Presidente da FEPAGRO-RS; Zoot. Jair Seidel, Diretor T\u00e9cnico da EMATER-RS; Prof. Jo\u00e3o Saibro, Secret\u00e1rio, e o Dr. Fernando Riveros, da FAO\/Roma.<br \/>Na ocasi\u00e3o, o Dr. Fernando Riveros recebeu uma Placa de Prata, em reconhecimento por haver sido o idealizador do Grupo e pelo apoio e incentivo oferecidos \u00e0 pesquisa em forragicultura, ao longo de 20 anos de trabalho no Cone Sul.<\/p><\/div>\n\t\t\t\t<\/div>\n\t\t\t\t\t\t\t\t<\/div>\n\t\t\t\t\t\t<\/div>\n\t\t\t\t<\/div>\n\t\t\t\t\t<\/div>\n\t\t<\/div>\n\t\t\t\t<div class=\"elementor-column elementor-col-50 elementor-top-column elementor-element elementor-element-ae8d8a0\" data-id=\"ae8d8a0\" data-element_type=\"column\">\n\t\t\t<div class=\"elementor-widget-wrap elementor-element-populated\">\n\t\t\t\t\t\t<div class=\"elementor-element elementor-element-9076d55 elementor-widget elementor-widget-image\" data-id=\"9076d55\" data-element_type=\"widget\" data-widget_type=\"image.default\">\n\t\t\t\t<div class=\"elementor-widget-container\">\n\t\t\t\t\t\t\t\t\t\t\t\t\t\t\t<img decoding=\"async\" width=\"116\" height=\"160\" src=\"https:\/\/grupo-campos.org\/wp\/wp-content\/uploads\/2019\/10\/XVIreuniao.jpg\" class=\"attachment-large size-large wp-image-1273\" alt=\"\" \/>\t\t\t\t\t\t\t\t\t\t\t\t\t\t\t<\/div>\n\t\t\t\t<\/div>\n\t\t\t\t\t<\/div>\n\t\t<\/div>\n\t\t\t\t\t<\/div>\n\t\t<\/section>\n\t\t\t\t<\/div>\n\t\t","protected":false},"excerpt":{"rendered":"<p>XVI Reuni\u00f3n Introducci\u00f3n APRESENTA\u00c7\u00c3O &nbsp;&nbsp; A publica\u00e7\u00e3o do Relat\u00f3rio da XVI Reuni\u00e3o do Grupo T\u00e9cnico Regional do Cone Sul (Zona Campos) em Melhoramento e Utiliza\u00e7\u00e3o de Recursos Forra\u00acgeiros das \u00c1reas Tropical e Subtropical, a qual foi realizada em abril de 1996 em Porto Alegre (RS), Brasil, encerra exitosamente as atividades do Grupo, na Zona Campos, [&hellip;]<\/p>\n","protected":false},"author":1,"featured_media":0,"parent":0,"menu_order":0,"comment_status":"closed","ping_status":"closed","template":"elementor_header_footer","meta":{"_eb_attr":"","site-sidebar-layout":"no-sidebar","site-content-layout":"plain-container","ast-site-content-layout":"","site-content-style":"default","site-sidebar-style":"default","ast-global-header-display":"","ast-banner-title-visibility":"","ast-main-header-display":"","ast-hfb-above-header-display":"","ast-hfb-below-header-display":"","ast-hfb-mobile-header-display":"","site-post-title":"disabled","ast-breadcrumbs-content":"","ast-featured-img":"disabled","footer-sml-layout":"","theme-transparent-header-meta":"enabled","adv-header-id-meta":"","stick-header-meta":"","header-above-stick-meta":"","header-main-stick-meta":"","header-below-stick-meta":"","astra-migrate-meta-layouts":"default","ast-page-background-enabled":"default","ast-page-background-meta":{"desktop":{"background-color":"","background-image":"","background-repeat":"repeat","background-position":"center center","background-size":"auto","background-attachment":"scroll","background-type":"","background-media":"","overlay-type":"","overlay-color":"","overlay-opacity":"","overlay-gradient":""},"tablet":{"background-color":"","background-image":"","background-repeat":"repeat","background-position":"center center","background-size":"auto","background-attachment":"scroll","background-type":"","background-media":"","overlay-type":"","overlay-color":"","overlay-opacity":"","overlay-gradient":""},"mobile":{"background-color":"","background-image":"","background-repeat":"repeat","background-position":"center center","background-size":"auto","background-attachment":"scroll","background-type":"","background-media":"","overlay-type":"","overlay-color":"","overlay-opacity":"","overlay-gradient":""}},"ast-content-background-meta":{"desktop":{"background-color":"var(--ast-global-color-5)","background-image":"","background-repeat":"repeat","background-position":"center center","background-size":"auto","background-attachment":"scroll","background-type":"","background-media":"","overlay-type":"","overlay-color":"","overlay-opacity":"","overlay-gradient":""},"tablet":{"background-color":"var(--ast-global-color-5)","background-image":"","background-repeat":"repeat","background-position":"center center","background-size":"auto","background-attachment":"scroll","background-type":"","background-media":"","overlay-type":"","overlay-color":"","overlay-opacity":"","overlay-gradient":""},"mobile":{"background-color":"var(--ast-global-color-5)","background-image":"","background-repeat":"repeat","background-position":"center center","background-size":"auto","background-attachment":"scroll","background-type":"","background-media":"","overlay-type":"","overlay-color":"","overlay-opacity":"","overlay-gradient":""}},"footnotes":""},"class_list":["post-1277","page","type-page","status-publish","hentry"],"_links":{"self":[{"href":"https:\/\/grupo-campos.org\/wp\/wp-json\/wp\/v2\/pages\/1277","targetHints":{"allow":["GET"]}}],"collection":[{"href":"https:\/\/grupo-campos.org\/wp\/wp-json\/wp\/v2\/pages"}],"about":[{"href":"https:\/\/grupo-campos.org\/wp\/wp-json\/wp\/v2\/types\/page"}],"author":[{"embeddable":true,"href":"https:\/\/grupo-campos.org\/wp\/wp-json\/wp\/v2\/users\/1"}],"replies":[{"embeddable":true,"href":"https:\/\/grupo-campos.org\/wp\/wp-json\/wp\/v2\/comments?post=1277"}],"version-history":[{"count":5,"href":"https:\/\/grupo-campos.org\/wp\/wp-json\/wp\/v2\/pages\/1277\/revisions"}],"predecessor-version":[{"id":1300,"href":"https:\/\/grupo-campos.org\/wp\/wp-json\/wp\/v2\/pages\/1277\/revisions\/1300"}],"wp:attachment":[{"href":"https:\/\/grupo-campos.org\/wp\/wp-json\/wp\/v2\/media?parent=1277"}],"curies":[{"name":"wp","href":"https:\/\/api.w.org\/{rel}","templated":true}]}}